{"id":1653,"date":"2026-03-31T16:51:23","date_gmt":"2026-03-31T16:51:23","guid":{"rendered":"https:\/\/riselab-fei.org\/?page_id=1653"},"modified":"2026-03-31T16:51:23","modified_gmt":"2026-03-31T16:51:23","slug":"impressum","status":"publish","type":"page","link":"https:\/\/riselab-fei.org\/index.php\/impressum\/","title":{"rendered":"Impressum"},"content":{"rendered":"<p>Impressum<\/p>\n<p>Gottfried Wilhelm Leibniz Universit\u00e4t Hannover<br \/>\nWelfengarten 1<br \/>\n30167 Hannover<br \/>\nTel. +49 511 762 &#8211; 0<br \/>\nFax +49 511 762 &#8211; 3456<\/p>\n<p>Vertreten durch den Pr\u00e4sidenten der Leibniz Universit\u00e4t Hannover<\/p>\n<p>AG Diversity<br \/>\nFakult\u00e4t f\u00fcr Elektrotechnik und Informatik<br \/>\nLeibniz Universit\u00e4t Hannover<br \/>\nAppelstra\u00dfe 9A<br \/>\n30167 Hannover<\/p>\n<p>Vertreten durch: Prof. Dr. Marius Lindauer (Prodekan)<br \/>\nE-Mail: m.lindauer@ai.uni-hannover.de<\/p>\n<p>Web-Redaktion:<br \/>\nLeona Hennig<br \/>\nDr. Theresa Eimer-R\u00fcegg<br \/>\nSonja Lukic<br \/>\nE-Mail: s.lukic@ai.uni-hannover.de<\/p>\n<p>Die Gottfried Wilhelm Leibniz Universit\u00e4t Hannover ist eine K\u00f6rperschaft<br \/>\ndes \u00f6ffentlichen Rechts. Sie wird durch den Pr\u00e4sidenten<br \/>\nProf. Dr. iur. Volker Epping gesetzlich vertreten.<\/p>\n<p>Zust\u00e4ndige Aufsichtsbeh\u00f6rde:<br \/>\nStiftung Gottfried Wilhelm Leibniz Universit\u00e4t Hannover<br \/>\nWelfengarten 1, 30167 Hannover<\/p>\n<p>Umsatzsteuer-Identifikationsnummer gem\u00e4\u00df \u00a7 27a Umsatzsteuergesetz:<br \/>\nDE 811 245 527<\/p>\n<p>&#8212;<\/p>\n<p>Legal Information<\/p>\n<p>Gottfried Wilhelm Leibniz Universit\u00e4t Hannover<br \/>\nWelfengarten 1<br \/>\nD-30167 Hannover<br \/>\nTel. +49 511 762 &#8211; 0<br \/>\nFax +49 511 762 &#8211; 3456<\/p>\n<p>Represented by the President of Leibniz University Hannover<\/p>\n<p>AG Diversity<br \/>\nFaculty of Electrical Engineering and Computer Science<br \/>\nLeibniz University Hannover<br \/>\nAppelstra\u00dfe 9A<br \/>\nD-30167 Hannover<\/p>\n<p>Represented by: Prof. Dr. Marius Lindauer (Vice Dean)<br \/>\nE-Mail: m.lindauer@ai.uni-hannover.de <\/p>\n<p>Web Editors:<br \/>\nLeona Hennig<br \/>\nDr. Theresa Eimer-R\u00fcegg<br \/>\nSonja Lukic<br \/>\nE-Mail: s.lukic@ai.uni-hannover.de<\/p>\n<p>The Gottfried Wilhelm Leibniz Universit\u00e4t Hannover is a corporation<br \/>\nunder public law. It is legally represented by the President,<br \/>\nProf. Dr. iur. Volker Epping.<\/p>\n<p>Supervisory authority:<br \/>\nGottfried Wilhelm Leibniz Universit\u00e4t Hannover, Public Law Foundation<br \/>\nWelfengarten 1, D-30167 Hannover<\/p>\n<p>Sales tax identification number in accordance with \u00a7 27a Sales Tax Law:<br \/>\nDE 811 245 527<\/p>\n","protected":false},"excerpt":{"rendered":"<p>Impressum Gottfried Wilhelm Leibniz Universit\u00e4t Hannover Welfengarten 1 30167 Hannover Tel. +49 511 762 &#8211; 0 Fax +49 511 762 &#8211; 3456 Vertreten durch den Pr\u00e4sidenten der Leibniz Universit\u00e4t Hannover AG Diversity Fakult\u00e4t f\u00fcr Elektrotechnik und Informatik Leibniz Universit\u00e4t Hannover Appelstra\u00dfe 9A 30167 Hannover Vertreten durch: Prof. Dr. Marius Lindauer (Prodekan) E-Mail: m.lindauer@ai.uni-hannover.de Web-Redaktion: Leona [&hellip;]<\/p>\n","protected":false},"author":2,"featured_media":0,"parent":0,"menu_order":0,"comment_status":"closed","ping_status":"closed","template":"","meta":{"_themeisle_gutenberg_block_has_review":false,"footnotes":""},"class_list":["post-1653","page","type-page","status-publish","hentry"],"aioseo_notices":[],"_links":{"self":[{"href":"https:\/\/riselab-fei.org\/index.php\/wp-json\/wp\/v2\/pages\/1653","targetHints":{"allow":["GET"]}}],"collection":[{"href":"https:\/\/riselab-fei.org\/index.php\/wp-json\/wp\/v2\/pages"}],"about":[{"href":"https:\/\/riselab-fei.org\/index.php\/wp-json\/wp\/v2\/types\/page"}],"author":[{"embeddable":true,"href":"https:\/\/riselab-fei.org\/index.php\/wp-json\/wp\/v2\/users\/2"}],"replies":[{"embeddable":true,"href":"https:\/\/riselab-fei.org\/index.php\/wp-json\/wp\/v2\/comments?post=1653"}],"version-history":[{"count":0,"href":"https:\/\/riselab-fei.org\/index.php\/wp-json\/wp\/v2\/pages\/1653\/revisions"}],"wp:attachment":[{"href":"https:\/\/riselab-fei.org\/index.php\/wp-json\/wp\/v2\/media?parent=1653"}],"curies":[{"name":"wp","href":"https:\/\/api.w.org\/{rel}","templated":true}]}}